{"id":36172,"date":"2024-12-23T12:57:42","date_gmt":"2024-12-23T11:57:42","guid":{"rendered":"https:\/\/www.rimsa.it\/serie-professionale\/"},"modified":"2025-07-03T14:51:30","modified_gmt":"2025-07-03T12:51:30","slug":"serie-profesional","status":"publish","type":"page","link":"https:\/\/www.rimsa.it\/es\/serie-profesional\/","title":{"rendered":"Serie profesional"},"content":{"rendered":"[vc_row type=\u00bbfull_width_background\u00bb full_screen_row_position=\u00bbmiddle\u00bb column_margin=\u00bbdefault\u00bb equal_height=\u00bbyes\u00bb content_placement=\u00bbmiddle\u00bb column_direction=\u00bbdefault\u00bb column_direction_tablet=\u00bbdefault\u00bb column_direction_phone=\u00bbdefault\u00bb bg_image=\u00bb37176&#8243; bg_position=\u00bbcenter center\u00bb background_image_loading=\u00bbdefault\u00bb bg_repeat=\u00bbno-repeat\u00bb scene_position=\u00bbcenter\u00bb top_padding=\u00bb7%\u00bb constrain_group_1=\u00bbyes\u00bb bottom_padding=\u00bb7%\u00bb text_color=\u00bblight\u00bb text_align=\u00bbleft\u00bb row_border_radius=\u00bbnone\u00bb row_border_radius_applies=\u00bbbg\u00bb overflow=\u00bbvisible\u00bb enable_gradient=\u00bbtrue\u00bb color_overlay=\u00bb#000000&#8243; color_overlay_2=\u00bb#000000&#8243; overlay_strength=\u00bb0.3&#8243; gradient_direction=\u00bbleft_to_right\u00bb shape_divider_position=\u00bbbottom\u00bb shape_divider_height=\u00bb350&#8243; bg_image_animation=\u00bbfade-in\u00bb parallax_bg=\u00bbtrue\u00bb parallax_bg_speed=\u00bbfast\u00bb shape_type=\u00bbmountains\u00bb gradient_type=\u00bbdefault\u00bb][vc_column column_padding=\u00bbno-extra-padding\u00bb column_padding_tablet=\u00bbinherit\u00bb column_padding_phone=\u00bbinherit\u00bb column_padding_position=\u00bball\u00bb column_element_direction_desktop=\u00bbdefault\u00bb column_element_spacing=\u00bbdefault\u00bb desktop_text_alignment=\u00bbdefault\u00bb tablet_text_alignment=\u00bbdefault\u00bb phone_text_alignment=\u00bbdefault\u00bb background_color_opacity=\u00bb1&#8243; background_hover_color_opacity=\u00bb1&#8243; column_backdrop_filter=\u00bbnone\u00bb column_shadow=\u00bbnone\u00bb column_border_radius=\u00bbnone\u00bb column_link_target=\u00bb_self\u00bb column_position=\u00bbdefault\u00bb gradient_direction=\u00bbleft_to_right\u00bb overlay_strength=\u00bb0.3&#8243; width=\u00bb1\/1&#8243; tablet_width_inherit=\u00bbdefault\u00bb animation_type=\u00bbdefault\u00bb bg_image_animation=\u00bbnone\u00bb border_type=\u00bbsimple\u00bb column_border_width=\u00bbnone\u00bb column_border_style=\u00bbsolid\u00bb column_padding_type=\u00bbdefault\u00bb gradient_type=\u00bbdefault\u00bb][nectar_highlighted_text color_type=\u00bbregular\u00bb highlight_color=\u00bb#eb5f40&#8243; style=\u00bbhalf_text\u00bb text_direction=\u00bbdefault\u00bb]\n<h1>Serie <em>Profesional<\/em><\/h1>\n[\/nectar_highlighted_text][\/vc_column][\/vc_row][vc_row type=\u00bbin_container\u00bb full_screen_row_position=\u00bbmiddle\u00bb column_margin=\u00bbdefault\u00bb column_direction=\u00bbdefault\u00bb column_direction_tablet=\u00bbdefault\u00bb column_direction_phone=\u00bbdefault\u00bb scene_position=\u00bbcenter\u00bb top_padding=\u00bb5%\u00bb bottom_padding=\u00bb2%\u00bb text_color=\u00bbdark\u00bb text_align=\u00bbleft\u00bb row_border_radius=\u00bbnone\u00bb row_border_radius_applies=\u00bbbg\u00bb overflow=\u00bbvisible\u00bb overlay_strength=\u00bb0.3&#8243; gradient_direction=\u00bbleft_to_right\u00bb shape_divider_position=\u00bbbottom\u00bb bg_image_animation=\u00bbnone\u00bb gradient_type=\u00bbdefault\u00bb shape_type=\u00bb\u00bb][vc_column column_padding=\u00bbno-extra-padding\u00bb column_padding_tablet=\u00bbinherit\u00bb column_padding_phone=\u00bbinherit\u00bb column_padding_position=\u00bball\u00bb column_element_direction_desktop=\u00bbdefault\u00bb column_element_spacing=\u00bbdefault\u00bb desktop_text_alignment=\u00bbdefault\u00bb tablet_text_alignment=\u00bbdefault\u00bb phone_text_alignment=\u00bbdefault\u00bb background_color_opacity=\u00bb1&#8243; background_hover_color_opacity=\u00bb1&#8243; column_backdrop_filter=\u00bbnone\u00bb column_shadow=\u00bbnone\u00bb column_border_radius=\u00bbnone\u00bb column_link_target=\u00bb_self\u00bb column_position=\u00bbdefault\u00bb gradient_direction=\u00bbleft_to_right\u00bb overlay_strength=\u00bb0.3&#8243; width=\u00bb1\/1&#8243; tablet_width_inherit=\u00bbdefault\u00bb animation_type=\u00bbdefault\u00bb bg_image_animation=\u00bbnone\u00bb border_type=\u00bbsimple\u00bb column_border_width=\u00bbnone\u00bb column_border_style=\u00bbsolid\u00bb][vc_column_text css=\u00bb\u00bb text_direction=\u00bbdefault\u00bb]<strong>La serie de l\u00e1mparas LED RIMSA est\u00e1 dise\u00f1ada para profesionales que hacen de la vista su herramienta principal de trabajo.<\/strong>\u00a0Dirigida a investigadores, traductores, periodistas, pero tambi\u00e9n a artesanos especializados como joyeros, esteticistas, tatuadores, sastres y artistas, esta l\u00ednea ofrece una iluminaci\u00f3n uniforme que evita la fatiga visual y mejora la concentraci\u00f3n.[\/vc_column_text][divider line_type=\u00bbNo Line\u00bb custom_height=\u00bb20px\u00bb][split_line_heading animation_type=\u00bbline-reveal-by-space\u00bb font_style=\u00bbh2&#8243; text_color=\u00bb#eb5f40&#8243; line_reveal_by_space_text_effect=\u00bbdefault\u00bb content_alignment=\u00bbdefault\u00bb mobile_content_alignment=\u00bbinherit\u00bb link_target=\u00bb_self\u00bb text_content=\u00bbL\u00e1mparas LED para cada profesi\u00f3n\u00bb text_direction=\u00bbdefault\u00bb][\/split_line_heading][vc_column_text css=\u00bb\u00bb text_direction=\u00bbdefault\u00bb]Luz para ver bien, ver mejor y por m\u00e1s tiempo, sin p\u00e9rdida de concentraci\u00f3n ni molestos signos de fatiga ocular.<br \/>\nLa Serie Profesional es ideal para entornos de trabajo donde se requiere una iluminaci\u00f3n difusa y uniforme. Por este motivo, sus modelos son especialmente indicados para iluminar obras de arte, m\u00e1quinas de coser o maquinaria operativa.[\/vc_column_text][\/vc_column][\/vc_row][vc_row type=\u00bbin_container\u00bb full_screen_row_position=\u00bbmiddle\u00bb column_margin=\u00bbdefault\u00bb column_direction=\u00bbdefault\u00bb column_direction_tablet=\u00bbdefault\u00bb column_direction_phone=\u00bbdefault\u00bb scene_position=\u00bbcenter\u00bb bottom_padding=\u00bb3%\u00bb text_color=\u00bbdark\u00bb text_align=\u00bbleft\u00bb row_border_radius=\u00bbnone\u00bb row_border_radius_applies=\u00bbbg\u00bb overflow=\u00bbvisible\u00bb overlay_strength=\u00bb0.3&#8243; gradient_direction=\u00bbleft_to_right\u00bb shape_divider_position=\u00bbbottom\u00bb bg_image_animation=\u00bbnone\u00bb shape_type=\u00bb\u00bb gradient_type=\u00bbdefault\u00bb][vc_column column_padding=\u00bbno-extra-padding\u00bb column_padding_tablet=\u00bbinherit\u00bb column_padding_phone=\u00bbinherit\u00bb column_padding_position=\u00bball\u00bb column_element_direction_desktop=\u00bbdefault\u00bb column_element_spacing=\u00bbdefault\u00bb desktop_text_alignment=\u00bbdefault\u00bb tablet_text_alignment=\u00bbdefault\u00bb phone_text_alignment=\u00bbdefault\u00bb background_color_opacity=\u00bb1&#8243; background_hover_color_opacity=\u00bb1&#8243; column_backdrop_filter=\u00bbnone\u00bb column_shadow=\u00bbnone\u00bb column_border_radius=\u00bbnone\u00bb column_link_target=\u00bb_self\u00bb column_position=\u00bbdefault\u00bb gradient_direction=\u00bbleft_to_right\u00bb overlay_strength=\u00bb0.3&#8243; width=\u00bb1\/1&#8243; tablet_width_inherit=\u00bbdefault\u00bb animation_type=\u00bbdefault\u00bb bg_image_animation=\u00bbzoom-out-reveal\u00bb border_type=\u00bbsimple\u00bb column_border_width=\u00bbnone\u00bb column_border_style=\u00bbsolid\u00bb column_padding_type=\u00bbdefault\u00bb gradient_type=\u00bbdefault\u00bb][split_line_heading animation_type=\u00bbline-reveal-by-space\u00bb font_style=\u00bbh2&#8243; text_color=\u00bb#eb5f40&#8243; line_reveal_by_space_text_effect=\u00bbdefault\u00bb content_alignment=\u00bbdefault\u00bb mobile_content_alignment=\u00bbinherit\u00bb link_target=\u00bb_self\u00bb text_content=\u00bbLos modelos profesionales RIMSA\u00bb text_direction=\u00bbdefault\u00bb][\/split_line_heading][vc_column_text css=\u00bb\u00bb text_direction=\u00bbdefault\u00bb]La Serie Profesional incluye un \u00fanico modelo. Naci\u00f3 con el objetivo de ofrecer una iluminaci\u00f3n clara y precisa a quienes la utilizan.<br \/>\nLa soluci\u00f3n de RIMSA se basa en l\u00e1mparas LED que ofrecen numerosas ventajas tanto para el usuario como para la organizaci\u00f3n en entornos laborales.<br \/>\nQuien elige esta l\u00e1mpara obtiene beneficios a nivel f\u00edsico: los LED previenen la fatiga ocular, reducen las migra\u00f1as y molestias visuales. Las ventajas para las organizaciones son principalmente econ\u00f3micas: los LED tienen una vida \u00fatil m\u00e1s larga que las l\u00e1mparas tradicionales y su consumo energ\u00e9tico es significativamente inferior.[\/vc_column_text][vc_row_inner column_margin=\u00bb60px\u00bb column_direction=\u00bbdefault\u00bb column_direction_tablet=\u00bbdefault\u00bb column_direction_phone=\u00bbdefault\u00bb top_padding=\u00bb3%\u00bb constrain_group_1=\u00bbyes\u00bb bottom_padding=\u00bb3%\u00bb text_align=\u00bbleft\u00bb row_position=\u00bbdefault\u00bb row_position_tablet=\u00bbinherit\u00bb row_position_phone=\u00bbinherit\u00bb overflow=\u00bbvisible\u00bb pointer_events=\u00bball\u00bb][vc_column_inner column_padding=\u00bbno-extra-padding\u00bb column_padding_tablet=\u00bbinherit\u00bb column_padding_phone=\u00bbinherit\u00bb column_padding_position=\u00bball\u00bb column_element_direction_desktop=\u00bbdefault\u00bb column_element_spacing=\u00bbdefault\u00bb centered_text=\u00bbtrue\u00bb desktop_text_alignment=\u00bbdefault\u00bb tablet_text_alignment=\u00bbdefault\u00bb phone_text_alignment=\u00bbdefault\u00bb background_color_opacity=\u00bb1&#8243; background_hover_color_opacity=\u00bb1&#8243; column_backdrop_filter=\u00bbnone\u00bb column_shadow=\u00bbnone\u00bb column_border_radius=\u00bbnone\u00bb column_link_target=\u00bb_self\u00bb overflow=\u00bbvisible\u00bb gradient_direction=\u00bbleft_to_right\u00bb overlay_strength=\u00bb0.3&#8243; width=\u00bb1\/3&#8243; tablet_width_inherit=\u00bbdefault\u00bb animation_type=\u00bbdefault\u00bb bg_image_animation=\u00bbnone\u00bb border_type=\u00bbsimple\u00bb column_border_width=\u00bbnone\u00bb column_border_style=\u00bbsolid\u00bb column_padding_type=\u00bbdefault\u00bb gradient_type=\u00bbdefault\u00bb][image_with_animation image_url=\u00bb30523&#8243; image_size=\u00bbfull\u00bb max_width=\u00bb75%\u00bb max_width_mobile=\u00bbdefault\u00bb animation_type=\u00bbentrance\u00bb animation=\u00bbNone\u00bb animation_movement_type=\u00bbtransform_y\u00bb hover_animation=\u00bbzoom\u00bb alignment=\u00bbcenter\u00bb border_radius=\u00bbnone\u00bb box_shadow=\u00bbnone\u00bb image_loading=\u00bbdefault\u00bb img_link=\u00bbhttps:\/\/www.rimsa.it\/es\/portfolio\/mod-160\/\u00bb][nectar_cta btn_style=\u00bbunderline\u00bb heading_tag=\u00bbh4&#8243; button_color=\u00bbdefault\u00bb text_color=\u00bb#eb5f40&#8243; button_border_thickness=\u00bb0px\u00bb link_type=\u00bbregular\u00bb alignment=\u00bbcenter\u00bb alignment_tablet=\u00bbdefault\u00bb alignment_phone=\u00bbdefault\u00bb display=\u00bbblock\u00bb display_tablet=\u00bbinherit\u00bb display_phone=\u00bbinherit\u00bb icon_family=\u00bbnone\u00bb link_text=\u00bbMod 160&#8243; url=\u00bbhttps:\/\/www.rimsa.it\/es\/portfolio\/mod-160\/\u00bb][\/vc_column_inner][vc_column_inner column_padding=\u00bbno-extra-padding\u00bb column_padding_tablet=\u00bbinherit\u00bb column_padding_phone=\u00bbinherit\u00bb column_padding_position=\u00bball\u00bb column_element_direction_desktop=\u00bbdefault\u00bb column_element_spacing=\u00bbdefault\u00bb desktop_text_alignment=\u00bbdefault\u00bb tablet_text_alignment=\u00bbdefault\u00bb phone_text_alignment=\u00bbdefault\u00bb background_color_opacity=\u00bb1&#8243; background_hover_color_opacity=\u00bb1&#8243; column_backdrop_filter=\u00bbnone\u00bb column_shadow=\u00bbnone\u00bb column_border_radius=\u00bbnone\u00bb column_link_target=\u00bb_self\u00bb overflow=\u00bbvisible\u00bb gradient_direction=\u00bbleft_to_right\u00bb overlay_strength=\u00bb0.3&#8243; width=\u00bb1\/3&#8243; tablet_width_inherit=\u00bbdefault\u00bb animation_type=\u00bbdefault\u00bb bg_image_animation=\u00bbnone\u00bb border_type=\u00bbsimple\u00bb column_border_width=\u00bbnone\u00bb column_border_style=\u00bbsolid\u00bb][\/vc_column_inner][vc_column_inner column_padding=\u00bbno-extra-padding\u00bb column_padding_tablet=\u00bbinherit\u00bb column_padding_phone=\u00bbinherit\u00bb column_padding_position=\u00bball\u00bb column_element_direction_desktop=\u00bbdefault\u00bb column_element_spacing=\u00bbdefault\u00bb desktop_text_alignment=\u00bbdefault\u00bb tablet_text_alignment=\u00bbdefault\u00bb phone_text_alignment=\u00bbdefault\u00bb background_color_opacity=\u00bb1&#8243; background_hover_color_opacity=\u00bb1&#8243; column_backdrop_filter=\u00bbnone\u00bb column_shadow=\u00bbnone\u00bb column_border_radius=\u00bbnone\u00bb column_link_target=\u00bb_self\u00bb overflow=\u00bbvisible\u00bb gradient_direction=\u00bbleft_to_right\u00bb overlay_strength=\u00bb0.3&#8243; width=\u00bb1\/3&#8243; tablet_width_inherit=\u00bbdefault\u00bb animation_type=\u00bbdefault\u00bb bg_image_animation=\u00bbnone\u00bb border_type=\u00bbsimple\u00bb column_border_width=\u00bbnone\u00bb column_border_style=\u00bbsolid\u00bb][\/vc_column_inner][\/vc_row_inner][vc_row_inner equal_height=\u00bbyes\u00bb content_placement=\u00bbmiddle\u00bb column_margin=\u00bbdefault\u00bb column_direction=\u00bbdefault\u00bb column_direction_tablet=\u00bbdefault\u00bb column_direction_phone=\u00bbdefault\u00bb text_align=\u00bbleft\u00bb row_position=\u00bbdefault\u00bb row_position_tablet=\u00bbinherit\u00bb row_position_phone=\u00bbinherit\u00bb overflow=\u00bbvisible\u00bb pointer_events=\u00bball\u00bb][vc_column_inner column_padding=\u00bbno-extra-padding\u00bb column_padding_tablet=\u00bbinherit\u00bb column_padding_phone=\u00bbinherit\u00bb column_padding_position=\u00bball\u00bb column_element_direction_desktop=\u00bbdefault\u00bb column_element_spacing=\u00bbdefault\u00bb desktop_text_alignment=\u00bbdefault\u00bb tablet_text_alignment=\u00bbdefault\u00bb phone_text_alignment=\u00bbdefault\u00bb background_color_opacity=\u00bb1&#8243; background_hover_color_opacity=\u00bb1&#8243; column_backdrop_filter=\u00bbnone\u00bb column_shadow=\u00bbnone\u00bb column_border_radius=\u00bbnone\u00bb column_link_target=\u00bb_self\u00bb overflow=\u00bbvisible\u00bb gradient_direction=\u00bbleft_to_right\u00bb overlay_strength=\u00bb0.3&#8243; width=\u00bb1\/1&#8243; tablet_width_inherit=\u00bbdefault\u00bb animation_type=\u00bbdefault\u00bb bg_image_animation=\u00bbnone\u00bb border_type=\u00bbsimple\u00bb column_border_width=\u00bbnone\u00bb column_border_style=\u00bbsolid\u00bb][vc_column_text css=\u00bb\u00bb text_direction=\u00bbdefault\u00bb]<em>Descubre todas las l\u00e1mparas industriales RIMSA y adqui\u00e9relas en nuestro e-shop<\/em>[\/vc_column_text][nectar_cta btn_style=\u00bbcurved-arrow-animation\u00bb heading_tag=\u00bbh6&#8243; button_color=\u00bbextra-color-1&#8243; text_color=\u00bb#ffffff\u00bb button_border_thickness=\u00bb0px\u00bb link_type=\u00bbregular\u00bb alignment=\u00bbleft\u00bb alignment_tablet=\u00bbdefault\u00bb alignment_phone=\u00bbdefault\u00bb constrain_group_3=\u00bbyes\u00bb constrain_group_4=\u00bbyes\u00bb display=\u00bbblock\u00bb display_tablet=\u00bbinherit\u00bb display_phone=\u00bbinherit\u00bb link_text=\u00bbDESCUBRE Y COMPRA\u00bb url=\u00bbhttps:\/\/shop.rimsa.it\/en\/industrial-lamps\/\u00bb padding_top=\u00bb1%\u00bb padding_bottom=\u00bb1%\u00bb padding_left=\u00bb2%\u00bb padding_right=\u00bb2%\u00bb][\/vc_column_inner][\/vc_row_inner][\/vc_column][\/vc_row]\n","protected":false},"excerpt":{"rendered":"<p>[vc_row type=\u00bbfull_width_background\u00bb full_screen_row_position=\u00bbmiddle\u00bb column_margin=\u00bbdefault\u00bb equal_height=\u00bbyes\u00bb content_placement=\u00bbmiddle\u00bb column_direction=\u00bbdefault\u00bb column_direction_tablet=\u00bbdefault\u00bb column_direction_phone=\u00bbdefault\u00bb bg_image=\u00bb37176&#8243; bg_position=\u00bbcenter center\u00bb background_image_loading=\u00bbdefault\u00bb bg_repeat=\u00bbno-repeat\u00bb scene_position=\u00bbcenter\u00bb top_padding=\u00bb7%\u00bb constrain_group_1=\u00bbyes\u00bb bottom_padding=\u00bb7%\u00bb text_color=\u00bblight\u00bb text_align=\u00bbleft\u00bb row_border_radius=\u00bbnone\u00bb row_border_radius_applies=\u00bbbg\u00bb overflow=\u00bbvisible\u00bb enable_gradient=\u00bbtrue\u00bb color_overlay=\u00bb#000000&#8243; color_overlay_2=\u00bb#000000&#8243; overlay_strength=\u00bb0.3&#8243; gradient_direction=\u00bbleft_to_right\u00bb shape_divider_position=\u00bbbottom\u00bb shape_divider_height=\u00bb350&#8243;&#8230;<\/p>\n","protected":false},"author":1,"featured_media":36173,"parent":0,"menu_order":0,"comment_status":"closed","ping_status":"closed","template":"","meta":{"footnotes":""},"class_list":["post-36172","page","type-page","status-publish","has-post-thumbnail"],"yoast_head":"<!-- This site is optimized with the Yoast SEO plugin v27.3 - https:\/\/yoast.com\/product\/yoast-seo-wordpress\/ -->\n<title>Serie profesional - rimsa<\/title>\n<meta name=\"description\" content=\"RIMSA dise\u00f1a y crea l\u00e1mparas industriales para cada sector y profesional. Aqu\u00ed presentamos las l\u00e1mparas LED de la serie profesional.\" \/>\n<meta name=\"robots\" content=\"index, follow, max-snippet:-1, max-image-preview:large, max-video-preview:-1\" \/>\n<link rel=\"canonical\" href=\"https:\/\/www.rimsa.it\/es\/serie-profesional\/\" \/>\n<meta property=\"og:locale\" content=\"es_ES\" \/>\n<meta property=\"og:type\" content=\"article\" \/>\n<meta property=\"og:title\" content=\"Serie profesional - rimsa\" \/>\n<meta property=\"og:description\" content=\"RIMSA dise\u00f1a y crea l\u00e1mparas industriales para cada sector y profesional. Aqu\u00ed presentamos las l\u00e1mparas LED de la serie profesional.\" \/>\n<meta property=\"og:url\" content=\"https:\/\/www.rimsa.it\/es\/serie-profesional\/\" \/>\n<meta property=\"og:site_name\" content=\"rimsa\" \/>\n<meta property=\"article:modified_time\" content=\"2025-07-03T12:51:30+00:00\" \/>\n<meta property=\"og:image\" content=\"https:\/\/www.rimsa.it\/wp-content\/uploads\/2025\/03\/rimsa-lampade-pelletteria.jpg\" \/>\n\t<meta property=\"og:image:width\" content=\"1920\" \/>\n\t<meta property=\"og:image:height\" content=\"1080\" \/>\n\t<meta property=\"og:image:type\" content=\"image\/jpeg\" \/>\n<meta name=\"twitter:card\" content=\"summary_large_image\" \/>\n<meta name=\"twitter:label1\" content=\"Tiempo de lectura\" \/>\n\t<meta name=\"twitter:data1\" content=\"2 minutos\" \/>\n<script type=\"application\/ld+json\" class=\"yoast-schema-graph\">{\"@context\":\"https:\\\/\\\/schema.org\",\"@graph\":[{\"@type\":\"WebPage\",\"@id\":\"https:\\\/\\\/www.rimsa.it\\\/es\\\/serie-profesional\\\/\",\"url\":\"https:\\\/\\\/www.rimsa.it\\\/es\\\/serie-profesional\\\/\",\"name\":\"Serie profesional - rimsa\",\"isPartOf\":{\"@id\":\"https:\\\/\\\/www.rimsa.it\\\/es\\\/#website\"},\"primaryImageOfPage\":{\"@id\":\"https:\\\/\\\/www.rimsa.it\\\/es\\\/serie-profesional\\\/#primaryimage\"},\"image\":{\"@id\":\"https:\\\/\\\/www.rimsa.it\\\/es\\\/serie-profesional\\\/#primaryimage\"},\"thumbnailUrl\":\"https:\\\/\\\/www.rimsa.it\\\/wp-content\\\/uploads\\\/2025\\\/03\\\/rimsa-lampade-pelletteria.jpg\",\"datePublished\":\"2024-12-23T11:57:42+00:00\",\"dateModified\":\"2025-07-03T12:51:30+00:00\",\"description\":\"RIMSA dise\u00f1a y crea l\u00e1mparas industriales para cada sector y profesional. Aqu\u00ed presentamos las l\u00e1mparas LED de la serie profesional.\",\"inLanguage\":\"es\",\"potentialAction\":[{\"@type\":\"ReadAction\",\"target\":[\"https:\\\/\\\/www.rimsa.it\\\/es\\\/serie-profesional\\\/\"]}]},{\"@type\":\"ImageObject\",\"inLanguage\":\"es\",\"@id\":\"https:\\\/\\\/www.rimsa.it\\\/es\\\/serie-profesional\\\/#primaryimage\",\"url\":\"https:\\\/\\\/www.rimsa.it\\\/wp-content\\\/uploads\\\/2025\\\/03\\\/rimsa-lampade-pelletteria.jpg\",\"contentUrl\":\"https:\\\/\\\/www.rimsa.it\\\/wp-content\\\/uploads\\\/2025\\\/03\\\/rimsa-lampade-pelletteria.jpg\",\"width\":1920,\"height\":1080,\"caption\":\"La luce per la pelletteria \u00e8 importante per poter osservare bene la texture e la lavorazione della pelle\"},{\"@type\":\"WebSite\",\"@id\":\"https:\\\/\\\/www.rimsa.it\\\/es\\\/#website\",\"url\":\"https:\\\/\\\/www.rimsa.it\\\/es\\\/\",\"name\":\"RIMSA\",\"description\":\"Diamo luce alle idee\",\"publisher\":{\"@id\":\"https:\\\/\\\/www.rimsa.it\\\/es\\\/#organization\"},\"potentialAction\":[{\"@type\":\"SearchAction\",\"target\":{\"@type\":\"EntryPoint\",\"urlTemplate\":\"https:\\\/\\\/www.rimsa.it\\\/es\\\/?s={search_term_string}\"},\"query-input\":{\"@type\":\"PropertyValueSpecification\",\"valueRequired\":true,\"valueName\":\"search_term_string\"}}],\"inLanguage\":\"es\"},{\"@type\":\"Organization\",\"@id\":\"https:\\\/\\\/www.rimsa.it\\\/es\\\/#organization\",\"name\":\"Rimsa\",\"url\":\"https:\\\/\\\/www.rimsa.it\\\/es\\\/\",\"logo\":{\"@type\":\"ImageObject\",\"inLanguage\":\"es\",\"@id\":\"https:\\\/\\\/www.rimsa.it\\\/es\\\/#\\\/schema\\\/logo\\\/image\\\/\",\"url\":\"https:\\\/\\\/www.rimsa.it\\\/wp-content\\\/uploads\\\/2025\\\/02\\\/logo-medical-600x300-1.png\",\"contentUrl\":\"https:\\\/\\\/www.rimsa.it\\\/wp-content\\\/uploads\\\/2025\\\/02\\\/logo-medical-600x300-1.png\",\"width\":600,\"height\":300,\"caption\":\"Rimsa\"},\"image\":{\"@id\":\"https:\\\/\\\/www.rimsa.it\\\/es\\\/#\\\/schema\\\/logo\\\/image\\\/\"},\"sameAs\":[\"https:\\\/\\\/it.linkedin.com\\\/company\\\/rimsa-brightening-ideas\"]}]}<\/script>\n<!-- \/ Yoast SEO plugin. -->","yoast_head_json":{"title":"Serie profesional - rimsa","description":"RIMSA dise\u00f1a y crea l\u00e1mparas industriales para cada sector y profesional. Aqu\u00ed presentamos las l\u00e1mparas LED de la serie profesional.","robots":{"index":"index","follow":"follow","max-snippet":"max-snippet:-1","max-image-preview":"max-image-preview:large","max-video-preview":"max-video-preview:-1"},"canonical":"https:\/\/www.rimsa.it\/es\/serie-profesional\/","og_locale":"es_ES","og_type":"article","og_title":"Serie profesional - rimsa","og_description":"RIMSA dise\u00f1a y crea l\u00e1mparas industriales para cada sector y profesional. Aqu\u00ed presentamos las l\u00e1mparas LED de la serie profesional.","og_url":"https:\/\/www.rimsa.it\/es\/serie-profesional\/","og_site_name":"rimsa","article_modified_time":"2025-07-03T12:51:30+00:00","og_image":[{"width":1920,"height":1080,"url":"https:\/\/www.rimsa.it\/wp-content\/uploads\/2025\/03\/rimsa-lampade-pelletteria.jpg","type":"image\/jpeg"}],"twitter_card":"summary_large_image","twitter_misc":{"Tiempo de lectura":"2 minutos"},"schema":{"@context":"https:\/\/schema.org","@graph":[{"@type":"WebPage","@id":"https:\/\/www.rimsa.it\/es\/serie-profesional\/","url":"https:\/\/www.rimsa.it\/es\/serie-profesional\/","name":"Serie profesional - rimsa","isPartOf":{"@id":"https:\/\/www.rimsa.it\/es\/#website"},"primaryImageOfPage":{"@id":"https:\/\/www.rimsa.it\/es\/serie-profesional\/#primaryimage"},"image":{"@id":"https:\/\/www.rimsa.it\/es\/serie-profesional\/#primaryimage"},"thumbnailUrl":"https:\/\/www.rimsa.it\/wp-content\/uploads\/2025\/03\/rimsa-lampade-pelletteria.jpg","datePublished":"2024-12-23T11:57:42+00:00","dateModified":"2025-07-03T12:51:30+00:00","description":"RIMSA dise\u00f1a y crea l\u00e1mparas industriales para cada sector y profesional. Aqu\u00ed presentamos las l\u00e1mparas LED de la serie profesional.","inLanguage":"es","potentialAction":[{"@type":"ReadAction","target":["https:\/\/www.rimsa.it\/es\/serie-profesional\/"]}]},{"@type":"ImageObject","inLanguage":"es","@id":"https:\/\/www.rimsa.it\/es\/serie-profesional\/#primaryimage","url":"https:\/\/www.rimsa.it\/wp-content\/uploads\/2025\/03\/rimsa-lampade-pelletteria.jpg","contentUrl":"https:\/\/www.rimsa.it\/wp-content\/uploads\/2025\/03\/rimsa-lampade-pelletteria.jpg","width":1920,"height":1080,"caption":"La luce per la pelletteria \u00e8 importante per poter osservare bene la texture e la lavorazione della pelle"},{"@type":"WebSite","@id":"https:\/\/www.rimsa.it\/es\/#website","url":"https:\/\/www.rimsa.it\/es\/","name":"RIMSA","description":"Diamo luce alle idee","publisher":{"@id":"https:\/\/www.rimsa.it\/es\/#organization"},"potentialAction":[{"@type":"SearchAction","target":{"@type":"EntryPoint","urlTemplate":"https:\/\/www.rimsa.it\/es\/?s={search_term_string}"},"query-input":{"@type":"PropertyValueSpecification","valueRequired":true,"valueName":"search_term_string"}}],"inLanguage":"es"},{"@type":"Organization","@id":"https:\/\/www.rimsa.it\/es\/#organization","name":"Rimsa","url":"https:\/\/www.rimsa.it\/es\/","logo":{"@type":"ImageObject","inLanguage":"es","@id":"https:\/\/www.rimsa.it\/es\/#\/schema\/logo\/image\/","url":"https:\/\/www.rimsa.it\/wp-content\/uploads\/2025\/02\/logo-medical-600x300-1.png","contentUrl":"https:\/\/www.rimsa.it\/wp-content\/uploads\/2025\/02\/logo-medical-600x300-1.png","width":600,"height":300,"caption":"Rimsa"},"image":{"@id":"https:\/\/www.rimsa.it\/es\/#\/schema\/logo\/image\/"},"sameAs":["https:\/\/it.linkedin.com\/company\/rimsa-brightening-ideas"]}]}},"_links":{"self":[{"href":"https:\/\/www.rimsa.it\/es\/wp-json\/wp\/v2\/pages\/36172","targetHints":{"allow":["GET"]}}],"collection":[{"href":"https:\/\/www.rimsa.it\/es\/wp-json\/wp\/v2\/pages"}],"about":[{"href":"https:\/\/www.rimsa.it\/es\/wp-json\/wp\/v2\/types\/page"}],"author":[{"embeddable":true,"href":"https:\/\/www.rimsa.it\/es\/wp-json\/wp\/v2\/users\/1"}],"replies":[{"embeddable":true,"href":"https:\/\/www.rimsa.it\/es\/wp-json\/wp\/v2\/comments?post=36172"}],"version-history":[{"count":7,"href":"https:\/\/www.rimsa.it\/es\/wp-json\/wp\/v2\/pages\/36172\/revisions"}],"predecessor-version":[{"id":39467,"href":"https:\/\/www.rimsa.it\/es\/wp-json\/wp\/v2\/pages\/36172\/revisions\/39467"}],"wp:featuredmedia":[{"embeddable":true,"href":"https:\/\/www.rimsa.it\/es\/wp-json\/wp\/v2\/media\/36173"}],"wp:attachment":[{"href":"https:\/\/www.rimsa.it\/es\/wp-json\/wp\/v2\/media?parent=36172"}],"curies":[{"name":"wp","href":"https:\/\/api.w.org\/{rel}","templated":true}]}}